{"id":3,"date":"2024-05-04T01:42:26","date_gmt":"2024-05-04T01:42:26","guid":{"rendered":"https:\/\/innagromak.com\/website\/?page_id=3"},"modified":"2025-05-19T21:00:21","modified_gmt":"2025-05-19T21:00:21","slug":"politicas-de-privacidad","status":"publish","type":"page","link":"https:\/\/innagromak.com\/website\/politicas-de-privacidad\/","title":{"rendered":"Nuestras Pol\u00edticas"},"content":{"rendered":"<h2 class=\"wp-block-heading\">Informaci\u00f3n que recopilamos<\/h2><p>Cuando interact\u00faas con nuestro sitio web, podemos recopilar los siguientes datos:<\/p><ul class=\"wp-block-list\"><li>Informaci\u00f3n de cookies para recordar tus preferencias y mejorar tu experiencia de navegaci\u00f3n.<\/li>\n\n<li>Datos personales (nombre, correo electr\u00f3nico, tel\u00e9fono) si nos los proporcionas mediante formularios de contacto, suscripci\u00f3n o comentarios.<\/li>\n\n<li>Direcci\u00f3n IP y datos del navegador, recolectados autom\u00e1ticamente para an\u00e1lisis estad\u00edstico y seguridad.<\/li><\/ul><h2 class=\"wp-block-heading\">Comentarios<\/h2><p>Cuando los visitantes dejan comentarios en el sitio, recopilamos los datos que se muestran en el formulario, adem\u00e1s de la direcci\u00f3n IP y el navegador, para ayudar con la detecci\u00f3n de spam.<\/p><h2 class=\"wp-block-heading\">Medios<\/h2><p>Si subes im\u00e1genes al sitio web, evita subir im\u00e1genes que incluyan datos de ubicaci\u00f3n (EXIF GPS). Otros usuarios podr\u00edan descargar esa informaci\u00f3n.<\/p><h2 class=\"wp-block-heading\">Cookies<\/h2><p>Usamos cookies para mejorar tu experiencia de usuario. Por ejemplo:<\/p><ul class=\"wp-block-list\"><li>Si dejas un comentario, puedes optar por guardar tu nombre, correo electr\u00f3nico y sitio web en cookies para futuras visitas.<\/li>\n\n<li>Al iniciar sesi\u00f3n (si aplica), se guardan cookies para recordar tus preferencias y mantener la sesi\u00f3n activa.<\/li>\n\n<li>Si publicas contenido, puede almacenarse una cookie temporal relacionada con esa publicaci\u00f3n.<\/li><\/ul><p>Puedes desactivar las cookies desde la configuraci\u00f3n de tu navegador.<\/p><h2 class=\"wp-block-heading\">Contenido incrustado de otros sitios<\/h2><p>Los art\u00edculos en <a class=\"\" href=\"http:\/\/www.innagromak.com\">www.innagromak.com<\/a> pueden incluir contenido incrustado (videos, im\u00e1genes, publicaciones, etc.). Este contenido se comporta como si el visitante hubiera accedido directamente al sitio de origen, el cual puede recopilar informaci\u00f3n adicional, usar cookies y rastrear tu interacci\u00f3n.<\/p><p><\/p><h2 class=\"wp-block-heading\">Seguridad de la informaci\u00f3n<\/h2><p>Implementamos medidas de seguridad t\u00e9cnicas y organizativas para proteger tu informaci\u00f3n personal contra el acceso no autorizado, p\u00e9rdida o alteraci\u00f3n.<\/p><h2 class=\"wp-block-heading\">Cambios en esta pol\u00edtica<\/h2><p>Nos reservamos el derecho de modificar esta Pol\u00edtica de Privacidad en cualquier momento. Cualquier cambio ser\u00e1 publicado en esta misma p\u00e1gina.<\/p>","protected":false},"excerpt":{"rendered":"<p>Informaci\u00f3n que recopilamos Cuando interact\u00faas con nuestro sitio web, podemos recopilar los siguientes datos: Comentarios Cuando los visitantes dejan comentarios en el sitio, recopilamos los datos que se muestran en el formulario, adem\u00e1s de la direcci\u00f3n IP y el navegador, para ayudar con la detecci\u00f3n de spam. Medios Si subes im\u00e1genes al sitio web, evita [&hellip;]<\/p>\n","protected":false},"author":2,"featured_media":0,"parent":0,"menu_order":0,"comment_status":"closed","ping_status":"closed","template":"","meta":{"_uag_custom_page_level_css":"","site-sidebar-layout":"default","site-content-layout":"","ast-site-content-layout":"default","site-content-style":"default","site-sidebar-style":"default","ast-global-header-display":"","ast-banner-title-visibility":"","ast-main-header-display":"","ast-hfb-above-header-display":"","ast-hfb-below-header-display":"","ast-hfb-mobile-header-display":"","site-post-title":"","ast-breadcrumbs-content":"","ast-featured-img":"","footer-sml-layout":"","theme-transparent-header-meta":"","adv-header-id-meta":"","stick-header-meta":"","header-above-stick-meta":"","header-main-stick-meta":"","header-below-stick-meta":"","astra-migrate-meta-layouts":"set","ast-page-background-enabled":"default","ast-page-background-meta":{"desktop":{"background-color":"","background-image":"","background-repeat":"repeat","background-position":"center center","background-size":"auto","background-attachment":"scroll","background-type":"","background-media":"","overlay-type":"","overlay-color":"","overlay-gradient":""},"tablet":{"background-color":"","background-image":"","background-repeat":"repeat","background-position":"center center","background-size":"auto","background-attachment":"scroll","background-type":"","background-media":"","overlay-type":"","overlay-color":"","overlay-gradient":""},"mobile":{"background-color":"","background-image":"","background-repeat":"repeat","background-position":"center center","background-size":"auto","background-attachment":"scroll","background-type":"","background-media":"","overlay-type":"","overlay-color":"","overlay-gradient":""}},"ast-content-background-meta":{"desktop":{"background-color":"var(--ast-global-color-5)","background-image":"","background-repeat":"repeat","background-position":"center center","background-size":"auto","background-attachment":"scroll","background-type":"","background-media":"","overlay-type":"","overlay-color":"","overlay-gradient":""},"tablet":{"background-color":"var(--ast-global-color-5)","background-image":"","background-repeat":"repeat","background-position":"center center","background-size":"auto","background-attachment":"scroll","background-type":"","background-media":"","overlay-type":"","overlay-color":"","overlay-gradient":""},"mobile":{"background-color":"var(--ast-global-color-5)","background-image":"","background-repeat":"repeat","background-position":"center center","background-size":"auto","background-attachment":"scroll","background-type":"","background-media":"","overlay-type":"","overlay-color":"","overlay-gradient":""}},"footnotes":""},"class_list":["post-3","page","type-page","status-publish","hentry"],"uagb_featured_image_src":{"full":false,"thumbnail":false,"medium":false,"medium_large":false,"large":false,"1536x1536":false,"2048x2048":false,"woocommerce_thumbnail":false,"woocommerce_single":false,"woocommerce_gallery_thumbnail":false},"uagb_author_info":{"display_name":"admin","author_link":"https:\/\/innagromak.com\/website\/author\/admin\/"},"uagb_comment_info":0,"uagb_excerpt":"Informaci\u00f3n que recopilamos Cuando interact\u00faas con nuestro sitio web, podemos recopilar los siguientes datos: Comentarios Cuando los visitantes dejan comentarios en el sitio, recopilamos los datos que se muestran en el formulario, adem\u00e1s de la direcci\u00f3n IP y el navegador, para ayudar con la detecci\u00f3n de spam. Medios Si subes im\u00e1genes al sitio web, evita&hellip;","_links":{"self":[{"href":"https:\/\/innagromak.com\/website\/wp-json\/wp\/v2\/pages\/3","targetHints":{"allow":["GET"]}}],"collection":[{"href":"https:\/\/innagromak.com\/website\/wp-json\/wp\/v2\/pages"}],"about":[{"href":"https:\/\/innagromak.com\/website\/wp-json\/wp\/v2\/types\/page"}],"author":[{"embeddable":true,"href":"https:\/\/innagromak.com\/website\/wp-json\/wp\/v2\/users\/2"}],"replies":[{"embeddable":true,"href":"https:\/\/innagromak.com\/website\/wp-json\/wp\/v2\/comments?post=3"}],"version-history":[{"count":1,"href":"https:\/\/innagromak.com\/website\/wp-json\/wp\/v2\/pages\/3\/revisions"}],"predecessor-version":[{"id":4690,"href":"https:\/\/innagromak.com\/website\/wp-json\/wp\/v2\/pages\/3\/revisions\/4690"}],"wp:attachment":[{"href":"https:\/\/innagromak.com\/website\/wp-json\/wp\/v2\/media?parent=3"}],"curies":[{"name":"wp","href":"https:\/\/api.w.org\/{rel}","templated":true}]}}